{"id":293,"date":"2023-06-23T08:17:59","date_gmt":"2023-06-23T08:17:59","guid":{"rendered":"https:\/\/cachitoswp.com\/?page_id=293"},"modified":"2026-03-18T10:16:41","modified_gmt":"2026-03-18T10:16:41","slug":"whats-up","status":"publish","type":"page","link":"https:\/\/cachitoswp.com\/en\/whats-up\/","title":{"rendered":"Contact Cachitos WordPress or Wham! Music and Vintage Store Services"},"content":{"rendered":"\n<p class=\"wp-block-paragraph\">Si tienes una duda, quieres proponerme una colaboraci\u00f3n, necesitas formaci\u00f3n o alguno de mis servicios, estoy disponible, no esperes m\u00e1s y m\u00e1ndame un mensaje ahora mismo.<\/p>\n\n\n<div class=\"wp-block-post-comments-form\"><style id=\"fb640eabc-1-css\">.fb640eabc-wrp .ef-error{border:1px solid red;padding:10px;margin-bottom:16px}.fb640eabc-wrp .ef-success{border:1px solid green;padding:10px;margin-bottom:16px}.fb640eabc input:not([type=checkbox]),.fb640eabc textarea{width:100%}.fb640eabc textarea{min-height:150px}.fb640eabc>div{margin-bottom:16px}.fb640eabc button{background-position:-999999px -9999999px !important}.fb640eabc.ef-progress button{background-position:center !important;pointer-events:none !important}<\/style><div id=\"fw-fb640eabc-1\" class=\"fb640eabc-wrp ef-ctrl-wrp\"><div id=\"f40cce4cb-1\" style=\"display:none\" class=\"ef-success\">\u00a1Recibido, hablamos pronto!<\/div><div id=\"fe4323b1d-1\" style=\"display:none\" class=\"ef-error\"><\/div><form id=\"fb640eabc-1\" class=\"fb640eabc\"><div class=\"ef-ctrl-wrp\"><div><label for=\"fe90a80dd-1\">Nombre<\/label><\/div><div><input type=\"text\" id=\"fe90a80dd-1\" class=\"fe90a80dd\" required \/><\/div><\/div><div class=\"ef-ctrl-wrp\"><div><label for=\"f44754da5-1\">Email<\/label><\/div><div><input type=\"email\" id=\"f44754da5-1\" class=\"f44754da5\" required \/><\/div><\/div><div class=\"ef-ctrl-wrp\"><div><label for=\"f5b6a4e3e-1\">Mensaje<\/label><\/div><div><textarea id=\"f5b6a4e3e-1\" class=\"f5b6a4e3e\" required><\/textarea><\/div><\/div><div> <label for=\"fbb799ff7-1\"><input type=\"checkbox\" id=\"fbb799ff7-1\" class=\"fbb799ff7\" required value=\"on\" \/> Aceptaci\u00f3n de pol\u00edtica de privacidad<\/label><\/div><div><button id=\"f5b6a4e3e-1\" type=\"submit\" class=\"button\" style=\"background-size:22px 22px !important;background-repeat:no-repeat !important;background-image:url(https:\/\/cachitoswp.com\/wp-includes\/images\/spinner.gif) !important\" onclick=\"essential_form_fb640eabc(1);return false;\">Enviar<\/div><input type=\"hidden\" value=\"fb640eabc,fe90a80dd,f44754da5,f5b6a4e3e,fbb799ff7,f116abfec,f2156ae08,f40cce4cb,fe4323b1d,fa0fb6d96,ffad992f8,f29eefa39,fd1d81c50,f7b9ef6de,f45397cf3,fbbf80328,f4ba73337,f04187050,fd28238ce,f7c7de920,f8bb3fa8a\" id=\"f116abfec-1\" \/><input type=\"hidden\" value=\"\" id=\"f2156ae08-1\" \/><\/form><div id=\"fe4323b1d-1\" style=\"margin-bottom:16px\"><\/div><\/div><script id=\"fb640eabc-1-js\" type=\"text\/javascript\">essential_form_random_key = Math.floor(Math.random() * 99999999999999);function essential_form_fb640eabc_init(){var r = new XMLHttpRequest(),f=new FormData();r.open(\"POST\",\"https:\/\/cachitoswp.com\/wp-admin\/admin-ajax.php?action=essential_form_fb640eabc_get_key\",true);r.onload = function(e){if(this.readyState === 4 && \"\" !== e.target.responseText){document.getElementById(\"f2156ae08-1\").value = e.target.responseText;}};f.append(\"random_key\",essential_form_random_key);r.send(f);}essential_form_fb640eabc_init();function essential_form_fb640eabc(n){var req = new XMLHttpRequest(),fd=new FormData(),succ=document.getElementById(\"f40cce4cb-1\"),err=document.getElementById(\"fe4323b1d-1\"),fe=document.getElementById(\"fb640eabc-\" + n);fe.className += \" ef-progress\";succ.style.display=\"none\";err.style.display=\"none\";req.onload = function(e){if(this.readyState === 4 && \"\" !== e.target.responseText){if(\"1\" === e.target.responseText){succ.style.display=\"block\";err.style.display=\"none\";document.getElementById(\"fb640eabc-1\").style.visibility=\"hidden\";}else{err.style.display=\"block\";err.innerHTML=e.target.responseText;}}fe.className = fe.className.replace(\" ef-progress\",\"\");return false;};fd.append(\"name\",document.getElementById(\"fe90a80dd-\" + n).value);fd.append(\"email\",document.getElementById(\"f44754da5-\" + n).value);fd.append(\"message\",document.getElementById(\"f5b6a4e3e-\" + n).value);fd.append(\"agreement\",document.getElementById(\"fbb799ff7-\" + n).checked);fd.append(\"keys\",document.getElementById(\"f116abfec-\" + n).value);fd.append(\"temp_key\",document.getElementById(\"f2156ae08-\" + n).value);fd.append(\"post_id\",293);fd.append(\"random_key\",essential_form_random_key);req.open(\"POST\",\"https:\/\/cachitoswp.com\/wp-admin\/admin-ajax.php?action=essential_form_fb640eabc\",true);req.send(fd);return false;}<\/script><\/div>\n","protected":false},"excerpt":{"rendered":"<p>If you have a question, want to propose a collaboration, need training or any of my services, I&#039;m available, don&#039;t wait any longer and send me a message right now.<\/p>","protected":false},"author":1,"featured_media":0,"parent":0,"menu_order":0,"comment_status":"closed","ping_status":"closed","template":"","meta":{"_themeisle_gutenberg_block_has_review":false,"footnotes":""},"class_list":["post-293","page","type-page","status-publish","hentry"],"mb":[],"mfb_rest_fields":["title"],"_links":{"self":[{"href":"https:\/\/cachitoswp.com\/en\/wp-json\/wp\/v2\/pages\/293","targetHints":{"allow":["GET"]}}],"collection":[{"href":"https:\/\/cachitoswp.com\/en\/wp-json\/wp\/v2\/pages"}],"about":[{"href":"https:\/\/cachitoswp.com\/en\/wp-json\/wp\/v2\/types\/page"}],"author":[{"embeddable":true,"href":"https:\/\/cachitoswp.com\/en\/wp-json\/wp\/v2\/users\/1"}],"replies":[{"embeddable":true,"href":"https:\/\/cachitoswp.com\/en\/wp-json\/wp\/v2\/comments?post=293"}],"version-history":[{"count":1,"href":"https:\/\/cachitoswp.com\/en\/wp-json\/wp\/v2\/pages\/293\/revisions"}],"predecessor-version":[{"id":1356,"href":"https:\/\/cachitoswp.com\/en\/wp-json\/wp\/v2\/pages\/293\/revisions\/1356"}],"wp:attachment":[{"href":"https:\/\/cachitoswp.com\/en\/wp-json\/wp\/v2\/media?parent=293"}],"curies":[{"name":"wp","href":"https:\/\/api.w.org\/{rel}","templated":true}]}}