{"id":1338,"date":"2026-03-18T09:38:53","date_gmt":"2026-03-18T09:38:53","guid":{"rendered":"https:\/\/cachitoswp.com\/?page_id=1338"},"modified":"2026-03-18T10:25:10","modified_gmt":"2026-03-18T10:25:10","slug":"cachitoswp-and-wham-music-and-vintage-store","status":"publish","type":"page","link":"https:\/\/cachitoswp.com\/en\/cachitoswp-and-wham-music-and-vintage-store\/","title":{"rendered":"CachitosWP and Wham! Music and Vintage Store"},"content":{"rendered":"<p class=\"wp-block-paragraph\">Wham! Vintage Store Barcelona aims to be much more than a store, it is:<\/p>\n\n\n\n<div class=\"wp-block-columns is-layout-flex wp-container-core-columns-is-layout-f56f613f wp-block-columns-is-layout-flex\">\n<div class=\"wp-block-column is-layout-flow wp-block-column-is-layout-flow\">\n<ul class=\"wp-block-list\">\n<li><a href=\"https:\/\/wham-vintage.com\/wham-tu-nueva-tienda-de-comics-en-badalona-%f0%9f%93%9a\/\">Second-hand and vintage comic book store and bookshop in Badalona<\/a><\/li>\n\n\n\n<li><a href=\"https:\/\/wham-vintage.com\/vinilos-lps-y-mas-en-wham-vintage-store\/\">Vinyl record and cassette store in Badalona<\/a><\/li>\n\n\n\n<li><a href=\"https:\/\/wham-vintage.com\/descubre-el-paraiso-vintage-en-barcelona-mas-que-un-mercadillo-tu-tienda-de-coleccionismo\/\">Collectibles, vintage, and antiques store in Badalona<\/a><\/li>\n\n\n\n<li><a href=\"https:\/\/bookstore.wham-vintage.com\">Online english bookstore, english books in Badalona at best price, and bargain books!<\/a><\/li>\n<\/ul>\n<\/div>\n\n\n\n<div class=\"wp-block-column is-layout-flow wp-block-column-is-layout-flow\">\n<ul class=\"wp-block-list\">\n<li><a href=\"https:\/\/cachitoswp.com\/en\/wordpress-programmer\/\">Think tank and event promotion in Badalona<\/a><\/li>\n\n\n\n<li><a href=\"https:\/\/cachitoswp.com\/en\/wordpress-programmer\/\">Creativity, graphic design, and layout services in Badalona<\/a><\/li>\n\n\n\n<li><a href=\"https:\/\/cachitoswp.com\/en\/wordpress-programmer\/\">Web application and online store programming in Badalona<\/a><\/li>\n<\/ul>\n<\/div>\n<\/div>\n\n\n\n<p class=\"wp-block-paragraph\">Recently, in addition to the online sale of cultural products and graphic design and web programming services, I have added new services to the catalog:<\/p>\n\n\n\n<ul class=\"wp-block-list\">\n<li><a href=\"https:\/\/wham-vintage.com\/%F0%9F%9A%9A-envios-faciles-rapidos-y-economicos-con-wham-vintage-badalona\/\">Express parcel delivery, cheap shipping labels and fast logistics in Badalona (With Packlink PRO and all the providers in its shipping price comparison tool)<\/a><\/li>\n\n\n\n<li><a href=\"https:\/\/wham-vintage.com\/internet-con-fibra-wifi-movil-y-canales-de-tv-en-badalona\/\">Sales representative for fiber optic, mobile, Netflix and Movistar Plus+ O2 in Badalona<\/a><\/li>\n\n\n\n<li><a href=\"https:\/\/wham-vintage.com\/vaciado-de-pisos-en-barcelona-la-solucion-integral-para-tu-mudanza-y-venta\/\">Buying antiques in large lots, appraisals and clearing out premises, apartments and properties in Badalona (Free quotes)<\/a><\/li>\n\n\n\n<li><a href=\"https:\/\/wham-vintage.com\/%f0%9f%94%a5-lleva-tu-evento-al-siguiente-nivel-con-poppeye-dj-techno-rave-y-energia-en-directo\/\">DJ hiring service for techno, rave, machine or custom repertoire events (Chill Out, Pachanga, Latin Music\u2026)<\/a><\/li>\n<\/ul>\n\n\n\n<p class=\"wp-block-paragraph\">As you can see, I don&#039;t let any opportunity pass me by. Wherever my resources, contacts, and talent take me, that&#039;s where I go.<\/p>\n\n\n\n<p class=\"wp-block-paragraph\">If you think we could work together, contact me!<\/p>","protected":false},"excerpt":{"rendered":"<p>Wham! Vintage Store Barcelona pretende ser mucho m\u00e1s que una tienda, es: Recientemente adem\u00e1s de la venta online de productos culturales, y los servicios de dise\u00f1o gr\u00e1fico y programaci\u00f3n web, he incorporado nuevos servicios al cat\u00e1logo: Como ves, no dejo pasar ninguna oportunidad. Donde lleguen mis recursos, contactos y talento, ah\u00ed que voy. Si crees [&hellip;]<\/p>\n","protected":false},"author":1,"featured_media":0,"parent":0,"menu_order":0,"comment_status":"closed","ping_status":"closed","template":"","meta":{"_themeisle_gutenberg_block_has_review":false,"footnotes":""},"class_list":["post-1338","page","type-page","status-publish","hentry"],"mb":[],"mfb_rest_fields":["title"],"_links":{"self":[{"href":"https:\/\/cachitoswp.com\/en\/wp-json\/wp\/v2\/pages\/1338","targetHints":{"allow":["GET"]}}],"collection":[{"href":"https:\/\/cachitoswp.com\/en\/wp-json\/wp\/v2\/pages"}],"about":[{"href":"https:\/\/cachitoswp.com\/en\/wp-json\/wp\/v2\/types\/page"}],"author":[{"embeddable":true,"href":"https:\/\/cachitoswp.com\/en\/wp-json\/wp\/v2\/users\/1"}],"replies":[{"embeddable":true,"href":"https:\/\/cachitoswp.com\/en\/wp-json\/wp\/v2\/comments?post=1338"}],"version-history":[{"count":3,"href":"https:\/\/cachitoswp.com\/en\/wp-json\/wp\/v2\/pages\/1338\/revisions"}],"predecessor-version":[{"id":1349,"href":"https:\/\/cachitoswp.com\/en\/wp-json\/wp\/v2\/pages\/1338\/revisions\/1349"}],"wp:attachment":[{"href":"https:\/\/cachitoswp.com\/en\/wp-json\/wp\/v2\/media?parent=1338"}],"curies":[{"name":"wp","href":"https:\/\/api.w.org\/{rel}","templated":true}]}}