{"id":1323,"date":"2026-03-14T17:29:32","date_gmt":"2026-03-14T17:29:32","guid":{"rendered":"https:\/\/cachitoswp.com\/?page_id=1323"},"modified":"2026-03-14T18:06:11","modified_gmt":"2026-03-14T18:06:11","slug":"customized-training-in-web-design-and-development-barcelona","status":"publish","type":"page","link":"https:\/\/cachitoswp.com\/en\/customized-training-in-web-design-and-development-barcelona\/","title":{"rendered":"Customized training in web design and development (Barcelona)"},"content":{"rendered":"<div class=\"wp-block-columns alignfull are-vertically-aligned-center is-layout-flex wp-container-core-columns-is-layout-f56f613f wp-block-columns-is-layout-flex\">\n<div class=\"wp-block-column is-vertically-aligned-center is-layout-flow wp-block-column-is-layout-flow\">\n<figure class=\"wp-block-image size-large\"><img loading=\"lazy\" decoding=\"async\" width=\"1200\" height=\"801\" src=\"https:\/\/cachitoswp.com\/wp-content\/uploads\/2026\/03\/colleagues-working-office-relaxed-atmosphere-1200x801.jpg\" alt=\"Specialist trainer in web design and development, computer science teacher\" class=\"wp-image-1324\" srcset=\"https:\/\/cachitoswp.com\/wp-content\/uploads\/2026\/03\/colleagues-working-office-relaxed-atmosphere-1200x801.jpg 1200w, https:\/\/cachitoswp.com\/wp-content\/uploads\/2026\/03\/colleagues-working-office-relaxed-atmosphere-599x400.jpg 599w, https:\/\/cachitoswp.com\/wp-content\/uploads\/2026\/03\/colleagues-working-office-relaxed-atmosphere-768x513.jpg 768w, https:\/\/cachitoswp.com\/wp-content\/uploads\/2026\/03\/colleagues-working-office-relaxed-atmosphere-1536x1025.jpg 1536w, https:\/\/cachitoswp.com\/wp-content\/uploads\/2026\/03\/colleagues-working-office-relaxed-atmosphere-2048x1367.jpg 2048w, https:\/\/cachitoswp.com\/wp-content\/uploads\/2026\/03\/colleagues-working-office-relaxed-atmosphere-18x12.jpg 18w\" sizes=\"auto, (max-width: 1200px) 100vw, 1200px\" \/><figcaption class=\"wp-element-caption\"><a href=\"https:\/\/www.freepik.es\/foto-gratis\/colegas-trabajando-oficina-ambiente-relajado_12751575.htm#fromView=search&amp;page=1&amp;position=0&amp;uuid=41015fc4-5309-45e0-8b32-11eeaa052299&amp;query=web+developer+teacher\">Image by gpointstudio on Freepik<\/a><\/figcaption><\/figure>\n<\/div>\n\n\n\n<div class=\"wp-block-column is-vertically-aligned-center is-layout-flow wp-block-column-is-layout-flow\" style=\"padding-top:var(--wp--preset--spacing--40);padding-right:var(--wp--preset--spacing--30);padding-bottom:var(--wp--preset--spacing--40);padding-left:var(--wp--preset--spacing--30)\">\n<div class=\"wp-block-group has-global-padding is-layout-constrained wp-block-group-is-layout-constrained\"><h2 class=\"wp-block-heading has-large-font-size\" style=\"margin-top:0px\" id=\"clases-personalizadas-de-html-css-javascript-php-wordpress-diseno-digital-y-tiendas-online-mas-de-20-anos-de-experiencia-a-tu-servicio\"><em>Customized classes in HTML, CSS, JavaScript, PHP, WordPress, digital design, and online stores. Over 20 years of experience at your service.<\/em><\/h2>\n\n\n<p class=\"has-medium-font-size wp-block-paragraph\" style=\"margin-bottom:var(--wp--preset--spacing--30)\"><strong>Learn exactly what you need,<\/strong> at the pace you need.<\/p>\n\n\n\n<div class=\"wp-block-stackable-button-group stk-block-button-group stk-block stk-1a2f3e2\" data-block-id=\"1a2f3e2\"><style>.stk-1a2f3e2 {margin-bottom:0px !important;}<\/style><div class=\"stk-row stk-inner-blocks stk-block-content stk-button-group\">\n<div class=\"wp-block-stackable-button stk-block-button is-style-ghost stk-block stk-63f8b08\" data-block-id=\"63f8b08\"><style>.stk-63f8b08 .stk-button{background:transparent !important;}.stk-63f8b08 .stk-button:hover:after{background:transparent !important;opacity:1 !important;}:where(.stk-hover-parent:hover,  .stk-hover-parent.stk--is-hovered) .stk-63f8b08 .stk-button:after{background:transparent !important;opacity:1 !important;}.stk-63f8b08 .stk-button:before{border-style:solid !important;border-color:#ffe300 !important;}.stk-63f8b08 .stk-button__inner-text{color:#ffee00 !important;}<\/style><a class=\"stk-link stk-button stk--hover-effect-darken\" href=\"mailto:hola@cachitoswp.com\"><span class=\"has-text-color stk-button__inner-text\">Request a personalized quote<\/span><\/a><\/div>\n<\/div><\/div>\n<\/div>\n<\/div>\n<\/div>\n\n\n\n<div class=\"wp-block-columns alignwide are-vertically-aligned-center is-layout-flex wp-container-core-columns-is-layout-f56f613f wp-block-columns-is-layout-flex\">\n<div class=\"wp-block-column is-vertically-aligned-center is-layout-flow wp-block-column-is-layout-flow\"><h2 class=\"wp-block-heading\" id=\"para-quien-es-esta-formacion\"><strong>Who is this training for?<\/strong><\/h2>\n\n\n<ul class=\"wp-block-list\">\n<li>People who want to get started in web design or development.<\/li>\n\n\n\n<li>Teams that need internal training to improve digital processes.<\/li>\n\n\n\n<li>Freelancers who want to professionalize their services.<\/li>\n\n\n\n<li>Companies looking to train their staff in WordPress, WooCommerce, or design tools.<\/li>\n\n\n\n<li>Entities<\/li>\n<\/ul>\n<\/div>\n\n\n\n<div class=\"wp-block-column is-vertically-aligned-center is-layout-flow wp-block-column-is-layout-flow\">\n<figure class=\"wp-block-video\"><video height=\"720\" style=\"aspect-ratio: 1280 \/ 720;\" width=\"1280\" autoplay loop muted src=\"https:\/\/cachitoswp.com\/wp-content\/uploads\/2026\/03\/formacion-profesor-freelance-diseno-web.mp4\" playsinline><\/video><\/figure>\n\n\n\n<p class=\"wp-block-paragraph\"><a href=\"https:\/\/www.freepik.es\/video-gratis\/grupo-estudio-mesa-pie-sentado-casa-3_173941#fromView=resource_detail&amp;position=4&amp;from_element=cross_selling__photo\">Video from freepik<\/a><\/p>\n<\/div>\n<\/div>\n\n\n\n<div class=\"wp-block-columns alignwide is-layout-flex wp-container-core-columns-is-layout-f56f613f wp-block-columns-is-layout-flex\">\n<div class=\"wp-block-column is-layout-flow wp-block-column-is-layout-flow\"><h2 class=\"wp-block-heading\" id=\"formacion-totalmente-personalizada\"><strong>Fully customized training<\/strong><\/h2>\n\n\n<p class=\"wp-block-paragraph\">Includes:<\/p>\n\n\n\n<ul class=\"wp-block-list\">\n<li>Curriculum design according to student objectives.<\/li>\n\n\n\n<li>Adapted level: from zero to advanced.<\/li>\n\n\n\n<li>Flexible rhythm.<\/li>\n\n\n\n<li>Real exercises and practice.<\/li>\n\n\n\n<li>Possibility of working on the student&#039;s own projects.<\/li>\n<\/ul>\n<\/div>\n\n\n\n<div class=\"wp-block-column is-layout-flow wp-block-column-is-layout-flow\"><h2 class=\"wp-block-heading\" id=\"modalidades-de-imparticion\"><strong>Delivery methods<\/strong><\/h2>\n\n\n<ul class=\"wp-block-list\">\n<li>Home-based training.<\/li>\n\n\n\n<li>Training in small groups at the client&#039;s premises.<\/li>\n\n\n\n<li>Possibility of obtaining a venue to teach the classes.<\/li>\n<\/ul>\n<\/div>\n<\/div>\n\n\n\n<section class=\"wp-block-group alignwide has-background has-global-padding is-layout-constrained wp-container-core-group-is-layout-57666e75 wp-block-group-is-layout-constrained\" style=\"border-top-color:var(--wp--preset--color--contrast);border-top-width:2px;border-right-style:none;border-right-width:0px;border-bottom-color:var(--wp--preset--color--contrast);border-bottom-width:2px;border-left-style:none;border-left-width:0px;background-color:#ff00fb17;margin-top:var(--wp--preset--spacing--40);margin-bottom:var(--wp--preset--spacing--40);padding-top:var(--wp--preset--spacing--40);padding-right:var(--wp--preset--spacing--40);padding-bottom:var(--wp--preset--spacing--40);padding-left:var(--wp--preset--spacing--40)\"><h2 class=\"wp-block-heading has-text-align-center\" style=\"margin-bottom:var(--wp--preset--spacing--40)\" id=\"tecnologias-y-herramientas-que-enseno\"><strong>Technologies and tools that I teach<\/strong><\/h2>\n\n\n<div class=\"wp-block-columns alignwide is-layout-flex wp-container-core-columns-is-layout-f56f613f wp-block-columns-is-layout-flex\">\n<div class=\"wp-block-column is-layout-flow wp-block-column-is-layout-flow\"><h3 class=\"wp-block-heading\" id=\"desarrollo-web\"><strong>Web development<\/strong><\/h3>\n\n\n<ul class=\"wp-block-list\">\n<li>Html<\/li>\n\n\n\n<li>css<\/li>\n\n\n\n<li>JavaScript<\/li>\n\n\n\n<li>PHP<\/li>\n<\/ul>\n<\/div>\n\n\n\n<div class=\"wp-block-column is-layout-flow wp-block-column-is-layout-flow\"><h3 class=\"wp-block-heading\" id=\"wordpress\"><strong>WordPress<\/strong><\/h3>\n\n\n<ul class=\"wp-block-list\">\n<li>Installation and configuration<\/li>\n\n\n\n<li>Creating themes and child themes<\/li>\n\n\n\n<li>Plugin development<\/li>\n\n\n\n<li>Optimization and security<\/li>\n\n\n\n<li>WooCommerce: complete online stores<\/li>\n<\/ul>\n<\/div>\n\n\n\n<div class=\"wp-block-column is-layout-flow wp-block-column-is-layout-flow\"><h3 class=\"wp-block-heading\" id=\"diseno-digital\"><strong>Digital design<\/strong><\/h3>\n\n\n<ul class=\"wp-block-list\">\n<li>Photopea<\/li>\n\n\n\n<li>Krita<\/li>\n\n\n\n<li>Inkscape<\/li>\n<\/ul>\n<\/div>\n<\/div>\n<\/section>\n\n\n\n<div class=\"wp-block-group alignwide has-global-padding is-layout-constrained wp-block-group-is-layout-constrained\">\n<div class=\"wp-block-columns is-layout-flex wp-container-core-columns-is-layout-f56f613f wp-block-columns-is-layout-flex\">\n<div class=\"wp-block-column is-layout-flow wp-block-column-is-layout-flow\" style=\"flex-basis:33.33%\">\n<figure class=\"wp-block-image size-large is-style-rounded\"><img loading=\"lazy\" decoding=\"async\" width=\"1200\" height=\"1200\" src=\"https:\/\/cachitoswp.com\/wp-content\/uploads\/2023\/06\/israel-leo-2023-1200x1200.webp\" alt=\"\" class=\"wp-image-364\" srcset=\"https:\/\/cachitoswp.com\/wp-content\/uploads\/2023\/06\/israel-leo-2023-1200x1200.webp 1200w, https:\/\/cachitoswp.com\/wp-content\/uploads\/2023\/06\/israel-leo-2023-400x400.webp 400w, https:\/\/cachitoswp.com\/wp-content\/uploads\/2023\/06\/israel-leo-2023-768x768.webp 768w, https:\/\/cachitoswp.com\/wp-content\/uploads\/2023\/06\/israel-leo-2023.webp 1500w\" sizes=\"auto, (max-width: 1200px) 100vw, 1200px\" \/><\/figure>\n<\/div>\n\n\n\n<div class=\"wp-block-column is-layout-flow wp-block-column-is-layout-flow\" style=\"flex-basis:66.66%\"><h2 class=\"wp-block-heading\" id=\"%25f0%259f%258f%2586-mi-experiencia\">\ud83c\udfc6 <strong>My experience<\/strong><\/h2>\n\n\n<p class=\"wp-block-paragraph\"><strong>Israel Mateo \u2013 Freelance designer, developer and trainer<\/strong><\/p>\n\n\n\n<ul class=\"wp-block-list\">\n<li>More than 20 years designing and programming websites.<\/li>\n\n\n\n<li>WordPress specialist since its earliest versions.<\/li>\n\n\n\n<li>Experience training individuals, companies and technical teams.<\/li>\n\n\n\n<li>Practical and results-oriented approach.<\/li>\n<\/ul>\n<\/div>\n<\/div>\n<\/div>\n\n\n\n<div style=\"height:49px\" aria-hidden=\"true\" class=\"wp-block-spacer\"><\/div>\n\n\n\n<div class=\"wp-block-stackable-button-group stk-block-button-group stk-block stk-ad228b1\" data-block-id=\"ad228b1\"><style>.stk-ad228b1 {margin-bottom:0px !important;}<\/style><div class=\"stk-row stk-inner-blocks has-text-align-center stk-block-content stk-button-group\">\n<div class=\"wp-block-stackable-button stk-block-button is-style-ghost stk-block stk-dcd1ce1\" data-block-id=\"dcd1ce1\"><style>.stk-dcd1ce1 .stk-button{min-height:70px !important;padding-right:40px !important;padding-left:40px !important;background:transparent !important;}.stk-dcd1ce1 .stk-button:hover:after{background:transparent !important;opacity:1 !important;}:where(.stk-hover-parent:hover,  .stk-hover-parent.stk--is-hovered) .stk-dcd1ce1 .stk-button:after{background:transparent !important;opacity:1 !important;}.stk-dcd1ce1 .stk-button:before{border-style:solid !important;border-color:#ffe300 !important;}.stk-dcd1ce1 .stk-button__inner-text{color:#ffee00 !important;}<\/style><a class=\"stk-link stk-button stk--hover-effect-darken\" href=\"\"><span class=\"stk--svg-wrapper\"><div class=\"stk--inner-svg\"><svg xmlns=\"http:\/\/www.w3.org\/2000\/svg\" viewbox=\"0 0 384 512\" aria-hidden=\"true\" width=\"32\" height=\"32\"><path d=\"M288 248v28c0 6.6-5.4 12-12 12H108c-6.6 0-12-5.4-12-12v-28c0-6.6 5.4-12 12-12h168c6.6 0 12 5.4 12 12zm-12 72H108c-6.6 0-12 5.4-12 12v28c0 6.6 5.4 12 12 12h168c6.6 0 12-5.4 12-12v-28c0-6.6-5.4-12-12-12zm108-188.1V464c0 26.5-21.5 48-48 48H48c-26.5 0-48-21.5-48-48V48C0 21.5 21.5 0 48 0h204.1C264.8 0 277 5.1 286 14.1L369.9 98c9 8.9 14.1 21.2 14.1 33.9zm-128-80V128h76.1L256 51.9zM336 464V176H232c-13.3 0-24-10.7-24-24V48H48v416h288z\"\/><\/svg><\/div><\/span><span class=\"has-text-color stk-button__inner-text\">Request a personalized quote<\/span><\/a><\/div>\n<\/div><\/div>","protected":false},"excerpt":{"rendered":"<p>Clases personalizadas de HTML, CSS, JavaScript, PHP, WordPress, dise\u00f1o digital y tiendas online. M\u00e1s de 20 a\u00f1os de experiencia a tu servicio. Aprende justo lo que necesitas, al ritmo que necesitas. Solicitar presupuesto personalizado Para qui\u00e9n es esta formaci\u00f3n V\u00eddeo de freepik Formaci\u00f3n totalmente personalizada Incluye: Modalidades de impartici\u00f3n Tecnolog\u00edas y herramientas que ense\u00f1o Desarrollo [&hellip;]<\/p>\n","protected":false},"author":1,"featured_media":1324,"parent":0,"menu_order":0,"comment_status":"closed","ping_status":"closed","template":"","meta":{"_themeisle_gutenberg_block_has_review":false,"footnotes":""},"class_list":["post-1323","page","type-page","status-publish","has-post-thumbnail","hentry"],"mb":[],"mfb_rest_fields":["title"],"_links":{"self":[{"href":"https:\/\/cachitoswp.com\/en\/wp-json\/wp\/v2\/pages\/1323","targetHints":{"allow":["GET"]}}],"collection":[{"href":"https:\/\/cachitoswp.com\/en\/wp-json\/wp\/v2\/pages"}],"about":[{"href":"https:\/\/cachitoswp.com\/en\/wp-json\/wp\/v2\/types\/page"}],"author":[{"embeddable":true,"href":"https:\/\/cachitoswp.com\/en\/wp-json\/wp\/v2\/users\/1"}],"replies":[{"embeddable":true,"href":"https:\/\/cachitoswp.com\/en\/wp-json\/wp\/v2\/comments?post=1323"}],"version-history":[{"count":6,"href":"https:\/\/cachitoswp.com\/en\/wp-json\/wp\/v2\/pages\/1323\/revisions"}],"predecessor-version":[{"id":1336,"href":"https:\/\/cachitoswp.com\/en\/wp-json\/wp\/v2\/pages\/1323\/revisions\/1336"}],"wp:featuredmedia":[{"embeddable":true,"href":"https:\/\/cachitoswp.com\/en\/wp-json\/wp\/v2\/media\/1324"}],"wp:attachment":[{"href":"https:\/\/cachitoswp.com\/en\/wp-json\/wp\/v2\/media?parent=1323"}],"curies":[{"name":"wp","href":"https:\/\/api.w.org\/{rel}","templated":true}]}}