{"id":83,"date":"2023-08-28T10:43:34","date_gmt":"2023-08-28T08:43:34","guid":{"rendered":"https:\/\/cachitoswp.com\/clientes-wtf\/?page_id=83"},"modified":"2023-08-28T10:43:34","modified_gmt":"2023-08-28T08:43:34","slug":"publicar-historia","status":"publish","type":"page","link":"https:\/\/cachitoswp.com\/clientes-wtf\/publicar-historia\/","title":{"rendered":"Publicar historia"},"content":{"rendered":"\n<p><code><form method=\"post\" class=\"acfe-form acf-form\" data-cid=\"69ea0647b85b1\">\t<div id=\"acf-form-data\" class=\"acf-hidden\">\n\t\t<input type=\"hidden\" id=\"_acf_screen\" name=\"_acf_screen\" value=\"acfe_form\"\/><input type=\"hidden\" id=\"_acf_post_id\" name=\"_acf_post_id\" value=\"83\"\/><input type=\"hidden\" id=\"_acf_validation\" name=\"_acf_validation\" value=\"1\"\/><input type=\"hidden\" id=\"_acf_form\" name=\"_acf_form\" value=\"b0lHMmdzTVRlbEI5dnV0Ykt1TDZ5SWg4WG1XMVE5RXlsK0UvM0k5Z3FCTXpwWTY0eEEyMzVSenphQm45YUorWDNWbUxSTk5oeDlMeXVpQ2VJZ2pqVFQ4b3NzWnZqTm81bThJOC8xNlVuTTFPR0FBWTBqcUd6dEd4VWkzd1diLzNndEFEZk90Ui81Rmt6ZG9rVmIrUmlEVzZFa3hLVjlqTXVIcWJGNnU2MVU3Y3VJbFdvODBITW5rYVpuWUdFZ0IzS21wUis4TDBSQTdvRm5nbWRaYjZMTFBuS2lEU0NlZU0vdDNVTlIwUzVTbnYyb0tGeHdaUmZ5Q1Iyc3NQeTJ3UXpMVTFTUkpPNDlWenk3TTE0UENDNGlMQ3pOQmxBOE1xRmtYWFcxSzN1aDNVWGptT011ejBGMmhYOEFkMjUyY0RMM3o4ZGtWYnYrSHVQTFA3Nm1QdDJKS3BXNzExUWV4WHlxdStMekhWcUgwTUhmTEpiQVBtOWpUM2dLaWE0bFRjQ2didVJPYjhxNEE5UGVPVW15L1RvdStvalhVRytrN0J0UzRTY2FpU0ZFOEt2Rkp1TzY0TlJGUTVNVy9mNU1PK28xT0dZYUJmM2FWZ204MjZjZXdScis1REJzUDBPV1UyMTFQUUNGRHVGZlRuMGtjRHBkK044RSs3aThCWXFGeVJJRWpiQWtsTXpqVnBQdjJvbTRtRW4zbEgzdjA5ZGZJd1AvZHhGWk16S0VkR0ZZMklyT0FHdjJmV2VjTGdNTTViSmVUSEluZ2NMNG1zbERHSXRFNTFZQktZbisrZnk3czZUcHRHdWltR0lYbU1IRjZHUjNHWXNaVjhCanRtLzFucDYweVZRRUltT284THdrRlpWaEVLQ3pQR3pNUm9UcDNkNXV3Z1UxRVdzcmowd0FTQm41MmdPS055ait0ODFJWkxDNUtBb2Q1QVg3OEZwaFFiRlhnK1ZSVXhwVWo5UU9HNzhPdHFTUldUMWxQMVFOTlNjb1hBbWJBenlpWlhhRGtsYjQ4OGNtQUtuYWs4cnV5dVhmVXRaRnE0aXM0WkNtcGxlYXZ6cHFBRTY2cWJiUGpaYk41dlpLV25SeEdaZ1BPY3djRmhoTU4xbFQ5Ti9TYVN3RlhPZkY0cE0zOVMzRkFZaEN4Tnp3RjY5U0d6bG01SHFqVFBqWm9wQzA2ZjYvNndseWpOUEI2djV0UjBWa1NSY2RXcS9RdnBTN3pTMThQQ1FQd0dXRXhzcG5qODJmd1JGdUlDMWNsZ1IzZnpnclJ3MVhieXp3d0h6VnMxTm9ORE8vbUcybkcrRFhYMktIY1d3TjF2bDlBTjI1MnlSZ25TQjVGRzBvQ2FFVU9UbVRkYUhuM2lKc2YxUFRqbUFYMUNDd3VsTmdmWkVOczd1LzNnQ2l6Yjl0eHNteGl0UHFjWnEzb0tJakdVRUNheC9LV0svUVZreEdRdk9JaHpZRlNrZEJWU3VFMzc0UUk1REFJRWQ3Mml0S3FkQUxHZkZYT09PcEpYSUtXM0pWbHJFMkVUdTcvL09ZZzIyUmdYSno5akxiNEwvT0V2RGJTekhLaWtlSWNZSllFYXREZGNzbEVCNHltZ2p3Z1dWU280TkVoY0I4bElwclJvOXdLcnM0UjJ5R0RwOEZMZmkwV2VCUFJFck8wL0hlZXFZSml6eGROUEozTDFuTzNCRUEwcmZ2Y3VhUy9ueFZYMkVmSWNaL2Ryc0paVThMSHQwVFpOWE1XOFdUZVQ0OE13MDlMaHhoQ2N4VkpzS2JOMzBLaGhGNjZDV2xETXh6YnpTeUtscGlWcm9wTW03a2pCZUkweFZtcTdTNkVZOThYSW4rTWJYaUJwT05PckN3MHBGbWxCTzFPN1ZDSlp5bmxBY3FjUjVZUUtuYVMyc0IyWVA4VUNONVp3dzZMMEtRbmZCTkVLc2dnY0QzUWNMcjF2V0VZM2o4L21aWnYwd0RwK05RQlZvdWxnRlVQZVI5VEd3V0FleGFpNkwwdjBvUDZjdmZaWFJuNHdsaVU4bXBaRWFtWFE1TGNKOHMvcnUza1ZWYjlXUzE0bnJmL3gyOGV6b1Vqdks1dldySGFKeStnQjhKOFBacTZiTmJCUndiR2NCeHNxR1dhWllpMXJ5dnM5ZDZ4STRtZDRCL0xCbmhXYmgzK1JtcHJrbXgxU2hSRTQybGhRZE5ld0RleVpiZTdvdmxud0h4OXE5V1JwdVdLc1JYUStuSjlJRUl0L0thdUZoaENHRkgwUG1mYnNvTXlPVXBmOXBVT0dXYU45WTlFRXFySXpLMk01anZ0TUNlcjlVWFVRWFBncGZ1STRMbzViOEZ4WE1oYzNGcFJEb3lFOVRaSFFTbzVaeU1DWm1pSG9CdGhPS2hCTFRtL2FVcHdHNkRIbzZrQm94eWJ6U2lqdEZqeHIzSXd1U1lrWUtLcGZXSWdvUGJKNXczNk9mQzRRdDRBY0lBWnJ5TmgxZEZnSEdJeU1yQWpYZXZqOXZoS0hhTlM2YmJtbGdHYkxmVWhzNEpqKzFxMDlHaUZSTlNsN2RvUGI4enNqTzVKLzRLNy9GRjRGaDZHeDJySjJEVytzVkJQUThmQjIyTlF3UjluZnkwOGMrRm5RMGVhTVVUbTI5Z3JtS3U2cVAwR1BscW1VYlV0QTgweWxoN1M4MGFac3pjZmt6a2pIdFJ2dHA0bnhwTUlqczBkUDlLWmdjZktFQ212YTBUTUxWTEo2am1NSEdjbnFBQkh2SjZhanhmZXFLWW1yUmIva1dMMmlhWm13L09qcnRpYUFjZjg1M1lZQ1FOYmJDb2R5cXJpd20yOHlWNmJZUXZmYitKWXdTcDYyMzIxd3VaSUtyQmFRMmlLdEcwR0Z6NmNLVmo3OUdsY1FQeW5RWVNCa0l4bE5PaVM1WGRJaWxSZ3JPcnJjODJUMUZhOEk2bHVDdzBJMWhPalZVMUJsUG9MaEpaTUd2YUVxNnFlZ2dqSlVOZnhudjFuaVB0b2ZpbS9kY2hmaGRQWUdmcjV3cStsRDZGcWYvNDFQcmtVOWZrWkYrVzhoeHNiaCs1cTRhYzJGNGppbTVNQVp2dnF6RHJjRzQzcCs5VCtMdmI3KzZOejlSNjlDNSsySzVDNkNTRmRQVTNpQjQvMEhKOURlOHkrTUhSV2Z0Zzk4NnFUZVQzeTF1QzA2N2pCNU96SkhSNHA1QzhCMmZOcWlKaWhYblJzZTFDK0QwTGoyM2hUcCtqNTB0M2FMN2ZXUEowQWJybDJsTTU2WmRncDBIWWUwUWpjcFBNRXNPcCtUUGdDSGVPVnpxVExKQndNcHZha21uZzBXVDdhZnRrbGdzRityY0duM29PRVkzNUhuaURyOTJoVTU1QktmNCtHbnpqaVlETk9xZ0ZNUkpkWUFwMUdLSSs0amYreDhuNTFaZ0NqckhGMkRUQzFWaFZJWU0zMXM3ZHNTTkV2MjJBakdDZVVDUDJtV2wxeFJzWGdjUWxHSEVWOUozSnVJdit2RDVpOTNSSXlXTmhqc2pSMFkrZ3U4VzRTdm52MUdkZzlPTHZXSThlbEtqUWl0R3RVSkNBOVNXU2NtL0ZoODhHcHBaZk5adWtlS3c5ZktiZ2dWRDNmLzdkTVAvYW9IN2owNDQ0SGgrRCtEbmMxMGtIT08wdUZVNlVLRVBjdmdqalVJV3pLQzhhaXFmQnJzS1ZHa1VZcUE3VUpHZVVGV2RPeGZ0YkhrRFpheVcyZXd2aVFicnpLWVFmTFZIa1lYUVUxT1M4Q3MvWDVPWTJuQXNYdTMvM2xnVVI0TEpudmdFemcxb0xPMFFubG80a2QvRk5YejJrSjVINlVwTW9OYW9OT2U3RE1VbFM1dEtYaXNQZGV6eDkySXZuaml3cWZEemRiSEg2a0dlUytYSWJEQXJsT0RLZCtoRVFYWDc1aW95emdXbHdBM3RMWnZraXNrZGJaOUtpeGd1WElJMzJFeEQ2TXYzbCtCNmhKSTZaeWs5T3VLaWl3RGcxS2tqczVnZU9WeldaOVpqSHZyWWw5SFFsR2JZVCtuaDFSR0crZUNoNW9mcXNzWk5SaElheE9QQzNUUW51eDFKb0s4T1FBa1g1TDcxNnJDQSt1aGtlOE9ZbjFJdGx5QXIwdTlWYSs2bEI5RU1UY053ekliRGdBWDRoOVZEV3ozUTFscFhtMFpXeE8yMEdlQU9EbUdTZnNsblB1RU1tRVV5TzhDYno2UzJPdTN2SlR5ckE3Y1N3YURYdVlUWjdUbWlMQm9TMFJPZjJkT3JhazRFamF2Ykl2YmJRemR3NGtZc2wzekJKenFXNE9FVml5cXJVYnBITE9lMlBNdHJYTDBYakFNa0hzV0V1eTR2cUptT0tYQ3hTMWYycWNZTUV3c1lUNWJJSkJKVWV0MVUrOG0zY05yNVZmekZoRGZwMXpDWFJyS1ZWU2ZQMDNoS1JRdmdWNnRRUFVaZEFWNWVZTDB3Z0E3SFh4MW4vcFBMVlhBV1h4bHZ5c0dKNUdMWXVpL21mZkpXL1R2aUZpQVJkNTdiS2FyRDZKZkY5dVZpMGpGanVISUlnU0xKdFNORTMwdEJNMis3QXVsYnhNVVdiSnR5elpLQy8rY3U0TGVBQkZKaFpvcDdkZlRnOSsrTXArVE0wVllEaTR6VDdaOTBxTVFsYVd1aEZVamVtaDdPenhieDVRa0dlUjdvNVUrckw3TGpiTXdRbXBzTG1WeDg5OHJ6WGtyNmlsZ21pYlJCbzR3SmliNnJObFB6NFlHVGZPVmp5c29Qa25helRXMjQ0ams2Z3RGMWkyeUJUQXFiTHpIalJibXFZRG0rN1NNWDRDdHplWHIrWk9wQThpYlFQYTlveFNCSWR0TDl4eHFxN0ZNaGw1cFdpeHBZMGZRYi9wbk1sZjdTS3VJK2hiL25qNjl6eDc3SXNudmI1cG5saEZBdzVhUDdIUzNQVSswRDYvZzh2NjBlQWViUDE0YXpSUVQ5Qk8rRUcvS1poT2pHVW5Gd2M5VlFwa3hVd0gwd2tRSEdDT2JCSzZMS3ovT094STlnV3VWU1l5eUpWSlJSakZyUzd6TGd3NGYwUUtOZ2NlT0NsdVpIRWhoM0ZsVTdHRG02Mm55N3QzWFpCSFFreW1aSFZ5MVU5VEk0U01yUTlMcDBtbXdOWGJiM3JGRkN2NHhwSGVGTTYwcHZQUTFlbjJpRll1dWFRN3pTNEQrSkdldzhJMGVsV05Mc1J0QitlbFNsVzFGeTZxQTNybUp4cXFhR3hWU3dwUm1RZWk1UEVvdlRxak80WG56Rks1MURDK3hCWWZSSUV0WmFZY0MvVFlQemJ6ZjU1TDhwd2NBNC9reENKYnd4d0pETk9xQklRSU95ZWtVTW9EcUl6ZDJUV0Fka0g0eWtYMlZwNEdWK0NrMmI5VGVxNGVLN2hwMDYwcDlZcU9pMEZkYzhTMEZ1elhlSG5TR0VrNDAwV2lLWFlIZHA3aHZVYXF1VXZNK2lzY05zQnFmUmZZSnBSK0FVU2FvOENZMVZqamkycmdGUlowSzlGNHVORGYxM0RrSGVMQmljeDZuY3poQmJRSWZwT2RCUmkzaUJsNDVxbzQyMFNoMnJkeXdlYklXZ3ZnZTZ5YVFpSU00SE1maDdYWU9yeWNJcmFyZGhwZDVMcFo0UWhjUXBUeUNLMHJqUW1TNjlXZzd1YzJzSUlzb1hPam0zL0JON1N3UzdyWVVQM045M1Zhbld5L1J3MThsc1BEUEVMc1h2aWl3eUdQNlhMcHMwSmdhME5WMk56NGhXMmVaZlg2aDlUQThWUmEyZFhCa0l2VkgzVnd2cE9qenYrazR5aE1pWDd0ZUs0OEEvT3g1NitSVkhwcVdCWGFtcWU1SUJmY2RwVVZQNGZkQi9wc0xraEtWS1Frb0VQYXIxa1QrSXBzQzBIbHFwSTJWNzBKeVdkQ2hiWkFJYmNRMWYzUjF5Z0pOd3BqcXJkRVBjajFIR1o2cXQ2bGMxc2pqNTlvNU5tMSt0T01VOERZVTBsYVNOWTFNT1F3MHFoT0RTSEpxSGhCTU1xdUg4SGFGY3VhSHBiRGF4NjAwNmZIcGdMbXR6eFdFQklSVnIvVHFmZC9mWnpWdGtWZmZWSXhNLzNwTnBvWXVITTdHTVhia29BVDdPaWZsU2xqaVlGbUd4eVZHZk5lZWZXc0V3V2Mrd205QzZZVkZhM3pTcGdlTmRWVmtXdEF0VUtQRWU2Sk1NV2FUb1VtQzlDK2tEYnZXNVRMZ2pSV1VDeTlSTmMxMExUbEJMUWVjL0pSdmlOdWgyU0NIeGdpdU5GU09ZTkNWdU5CMTNJalZpemlPc0svSi81QUhQRjFpd242eTRrRnRWWTlKanNtU3k2M05LcXhkMXlWTGVqeDZXNVVDVVowcWJVTHF1MHRGMlc2aVRxeTkrQk1LdGhOMkxXMWpuUER5UVY5Y3FmNDlPMytiSFVvUEhIMkE3c1ljSTVMSDIyeHZqamdSWUFEOUk3ckNMNGhOWXFDRHZrd1J2ZkJ3U0dwd0lrMCt0MjFyZkZENGc2SEg5em1Gb21Da0VCcktPR1Z2bURQWDk5UlFTMUJoUUVJZTkrUHFYTWlHRnRFV2ZuaHFLWEM4RUlOZXpDY25vRmF0QTBPMDlySkZNQmtXUUNhSDZhREVaQWNqb2pkdDA1TTA0ZExKaGJVVTVIV1lRUXJIKzBVS2NSRG5hOHhpZXkvU0NWVEFGOUZERDBZV0FITmtpYnU3RmxsUzkrcXRBZEhDWXVBYitJYjJmV3NWellnL2tJMnVYNWx6UDVmWW9vSnlZRHFkQU1DOHcrVzFveXFiaXMxUys1SmtSbFVIVFB1NEc3bmVidGl0a2dxUjMwcjRMNUYybUhpRXpZMHZEREJvSXA1NGh5TEVkQzlLalpmNGJmeU8zQjd3NzVyb3haSyttMHZ2UXo2YzJTRG5xOXI0NG1EcW1tYzhSeDlhYks0YUh5WHBvV0diRWFIbHFlNk9EMzg0aTJMTUhZd3FZRXJmTnlLemtaY2tXWHBBWTdGQUJOYzA2NGhDRmwrSHZMZkU1dUtVa2lYOUVSYzhwM2RJWEFsWURWamNBYkhudmw4a3VnUENkKzZuOHZDdGQwMGNoN0NJejcyR1dXVVMyRmpvU3RENkd6K1BnUFZYQmdjbjlOSFcvU3BlRC9VeHVTQ3ZsZGgzZTQyOVR5TGl5bzN5dEtuL1pmaHRZWlo1OG9DdmxOOFNSZm1XNVlsRmQ2YUk4a1pGQUFJVWxSdmVNMFdZWkNzc3BoSk9BVlpoVVpBTHNrTWRyYThJcXBUcXlqNmgwaFRnek03ck55UjFPakpDS2YzOCs4eEJINXROUTl4YUI5REJUSmpDcm04Uk9VdndXdHR4cVFrYldOdTd4dVljb3F0ZDJpdnJCK0J5WjhtNjN1bHp2c3hxV2hSZk1oQ1hrcWtKNFJGeEJPM2FiSzhhZW9SSCtrNk5MQ2VmZEtDMmJpaERSSUxyRExQQnJ3OGpzRkpLTjdVWlJiQ2xpOU04aE8xU1UwMW0xOVNocjhtZ3JJUDdoVFAxYkZVM3VUSkVRTmFkRmh5VUFGcERQZi9URVFhcjdDaVo5dlBZOVg1Lytib0dselFiczYzYjlMMWQ2Y1dWN2VrK1lnSkZiQWhXMWdmb3ZvL045ZWRSeEFhdjI1bmg0VHg4cnlubHlCRnhGUVFaMEdkaWVYdjFGY3VEdVpDNWN1c1FiV2duWGQwdWhBbjlGdUo1c3hqcUo2dmxLRCt4T0RLeGFLMUNtYlNvMEphaDN1NTJDS2xlT2VoeCtkTjNPZFF0QUNlRTVxR3RSVUVGOWVoS0IzdnVhUkx4NVBKMnFGdWJCNkliRkZyWkNPQmgxK3NtWGd1dEg1N0RGbzc0S0dmT2wyWWhmYW5uRk05STZldmZVLzVmM1ZuaTlRZFQ1dFRhNFJvTFZMSVpXT0pDWDYxbEkrMXhoWjFHTGgxZFNyakVOZDd6WWcvL2UwV3NzWjRJLzg0S0VQWFVEQkxWbUFqR1RoWGRXN2ZHM0hoQjc5YzVSMGw1b0I0Y1VEcXpla0RvMi9JRlhkQjBRcm44TGhldE9yOXVzdk9PY1BjNmRKQ2hBdlRGOTYwZ3dySDhhQWZLWTJ0S202TDRaa2V3eXNCWDJzRm5xUHM5R1ZTb3Y0ZFdvTXJUWkNiQlVEVTBjNlNyWUpsaU1mN3dSenE2bVJxMFR2YkpFNkRwK3dwaS9zWjNzOXNYVjFOMkgrWGN1ZmJSR1RTMzRyNWdITGVLVUFUc2xlc3pSZXlzVk1nSFVKWkpHNUYrbFMvbWc5d2lXV0hoZU1Ha1YyZTMxS0poZWxmRlN4b2VTekQ3SG1JWnlFYktpeGhTUXJ0cG5DUndxK0dPa0JvK0hCeE4yVXJQRC9ZSjh4N2ZYVnY2NzRxT0wwUUhuRzVScDR4U3VZdElvMG1KZStDeUdqUVcyMmVteU8yNkFuQ2hVQlBaWk94OVdabGhOSDJxZEpCSkthWWdjMGlReWtIUWttUU9Pc1BhVFRoZ0lXMEdYRzhudHc9PTo6xnifa6n0gS7u5Stmtvv72w==\"\/><input type=\"hidden\" id=\"_acf_nonce\" name=\"_acf_nonce\" value=\"65363dd163\"\/><input type=\"hidden\" id=\"_acf_changed\" name=\"_acf_changed\" value=\"0\"\/><input type=\"hidden\" id=\"_acf_location[post_id]\" name=\"_acf_location[post_id]\" value=\"83\"\/>\t<\/div>\n\t<div class=\"acf-fields acf-form-fields -top\"><div class=\"acf-field acf-field-text acf-field--validate-email\" style=\"display:none !important;\" data-name=\"_validate_email\" data-type=\"text\" data-key=\"_validate_email\">\n<div class=\"acf-label\">\n<label for=\"acf-_validate_email\">Validar correo electr\u00f3nico<\/label><\/div>\n<div class=\"acf-input\">\n<div class=\"acf-input-wrap\"><input type=\"text\" id=\"acf-_validate_email\" name=\"acf[_validate_email]\"\/><\/div><\/div>\n<\/div>\n<p>Cu\u00e9ntanos tu an\u00e9cdota, que seguro que tienes unas cuantas. Las reglas son simples: no se pueden mencionar a personas, ni nombres de empresas, y las an\u00e9cdotas deben ser an\u00f3nimas. Y no olvides que no debes insultar ni decir palabrotas, s\u00e9 elegante. Deja que tus lectores se hagan mentalmente una idea del \"nivelazo\" de tu interlocutor ;)<\/p>\n\n<div class=\"acf-field acf-field-text acf-field-64ec5be5cf424 col-1-2\" data-name=\"nombre\" data-type=\"text\" data-key=\"field_64ec5be5cf424\">\n<div class=\"acf-label\">\n<label for=\"acf-field_64ec5be5cf424\">Nombre<\/label><\/div>\n<div class=\"acf-input\">\n<div class=\"acf-input-wrap\"><input type=\"text\" id=\"acf-field_64ec5be5cf424\" name=\"acf[field_64ec5be5cf424]\"\/><\/div><\/div>\n<\/div>\n<div class=\"acf-field acf-field-text acf-field-64ec5c07cf425 is-required col-1-2\" data-name=\"email\" data-type=\"text\" data-key=\"field_64ec5c07cf425\" data-required=\"1\">\n<div class=\"acf-label\">\n<label for=\"acf-field_64ec5c07cf425\">Email <span class=\"acf-required\">*<\/span><\/label><\/div>\n<div class=\"acf-input\">\n<div class=\"acf-input-wrap\"><input type=\"text\" id=\"acf-field_64ec5c07cf425\" name=\"acf[field_64ec5c07cf425]\" required=\"required\"\/><\/div><\/div>\n<\/div>\n<div class=\"acf-field acf-field-wysiwyg acf-field-64ec5d6ecf426\" data-name=\"anecdota\" data-type=\"wysiwyg\" data-key=\"field_64ec5d6ecf426\">\n<div class=\"acf-label\">\n<label for=\"acf-field_64ec5d6ecf426\">Cu\u00e9ntanos la anecd\u00f3tica aventura con tu cliente<\/label><\/div>\n<div class=\"acf-input\">\n\t\t<div id=\"wp-acf-editor-69ea0647b9377-wrap\" class=\"acf-editor-wrap wp-core-ui wp-editor-wrap tmce-active\" data-toolbar=\"full\">\n\t\t\t<div id=\"wp-acf-editor-69ea0647b9377-editor-tools\" class=\"wp-editor-tools hide-if-no-js\">\n\t\t\t\t\t\t\t\t\t\t\t\t\t\t<div class=\"wp-editor-tabs\">\n\t\t\t\t\t\t<button id=\"acf-editor-69ea0647b9377-tmce\" class=\"wp-switch-editor switch-tmce\" data-wp-editor-id=\"acf-editor-69ea0647b9377\" type=\"button\">Visual<\/button>\n\t\t\t\t\t\t<button id=\"acf-editor-69ea0647b9377-html\" class=\"wp-switch-editor switch-html\" data-wp-editor-id=\"acf-editor-69ea0647b9377\" type=\"button\">Texto<\/button>\n\t\t\t\t\t<\/div>\n\t\t\t\t\t\t\t<\/div>\n\t\t\t<div id=\"wp-acf-editor-69ea0647b9377-editor-container\" class=\"wp-editor-container\">\n\t\t\t\t\t\t\t\t\t\t<textarea id=\"acf-editor-69ea0647b9377\" class=\"wp-editor-area\" name=\"acf[field_64ec5d6ecf426]\" style=\"height:300px;\"><\/textarea>\t\t\t<\/div>\n\t\t<\/div>\n\t\t\t<\/div>\n<\/div>\n<\/div>            <div class=\"acf-form-submit\">\r\n                \r\n                <input type=\"submit\" class=\"acf-button button button-primary button-large wp-element-button\" value=\"Enviar\" \/>                <span class=\"acf-spinner\"><\/span>\r\n            <\/div>\r\n        <\/form><\/code><\/p>\n","protected":false},"excerpt":{"rendered":"","protected":false},"author":1,"featured_media":0,"parent":0,"menu_order":0,"comment_status":"closed","ping_status":"closed","template":"","meta":{"_acf_changed":false,"footnotes":""},"class_list":["post-83","page","type-page","status-publish","hentry"],"acf":[],"_links":{"self":[{"href":"https:\/\/cachitoswp.com\/clientes-wtf\/wp-json\/wp\/v2\/pages\/83","targetHints":{"allow":["GET"]}}],"collection":[{"href":"https:\/\/cachitoswp.com\/clientes-wtf\/wp-json\/wp\/v2\/pages"}],"about":[{"href":"https:\/\/cachitoswp.com\/clientes-wtf\/wp-json\/wp\/v2\/types\/page"}],"author":[{"embeddable":true,"href":"https:\/\/cachitoswp.com\/clientes-wtf\/wp-json\/wp\/v2\/users\/1"}],"replies":[{"embeddable":true,"href":"https:\/\/cachitoswp.com\/clientes-wtf\/wp-json\/wp\/v2\/comments?post=83"}],"version-history":[{"count":1,"href":"https:\/\/cachitoswp.com\/clientes-wtf\/wp-json\/wp\/v2\/pages\/83\/revisions"}],"predecessor-version":[{"id":84,"href":"https:\/\/cachitoswp.com\/clientes-wtf\/wp-json\/wp\/v2\/pages\/83\/revisions\/84"}],"wp:attachment":[{"href":"https:\/\/cachitoswp.com\/clientes-wtf\/wp-json\/wp\/v2\/media?parent=83"}],"curies":[{"name":"wp","href":"https:\/\/api.w.org\/{rel}","templated":true}]}}